{"id":66,"date":"2015-05-11T13:34:04","date_gmt":"2015-05-11T13:34:04","guid":{"rendered":"http:\/\/bogensport-eitorf.de\/?page_id=66"},"modified":"2026-03-13T14:24:52","modified_gmt":"2026-03-13T14:24:52","slug":"kontakt-2","status":"publish","type":"page","link":"https:\/\/bogensport-eitorf.de\/?page_id=66","title":{"rendered":"Kontakt"},"content":{"rendered":"<p>Bei Interesse oder bei Fragen, k\u00f6nnen sie mit uns telefonisch oder per Mail Kontakt aufnehmen.<\/p>\n<p>Thomas Fendrich (2. Vorsitzende)<\/p>\n<p>Tel: 0160\/92925225<br \/>\nMail: thomas-fendrich@t-online.de<\/p>\n<p>&nbsp;<\/p>\n<p>Zu dem finden sie hier unsere Beitritterkl\u00e4rung und unsere Satzung<\/p>\n<p><a href=\"https:\/\/1drv.ms\/b\/c\/2b6b1b3f20c66eae\/IQCIm7J5MO_6T7MrKaglZwL6Ad7CrvpUpsZyXO3ixtwBcnE\">Beitritterkl\u00e4rung2026<\/a><\/p>\n<p><a href=\"http:\/\/bogensport-eitorf.de\/wp-content\/uploads\/2020\/03\/Satzung-der-Eitorfer-Bogensch\u00fctzen2019_endg\u00fcltig.pdf\">Satzung der Eitorfer Bogensch\u00fctzen <\/a><\/p>\n<p>&nbsp;<\/p>\n","protected":false},"excerpt":{"rendered":"<p>Bei Interesse oder bei Fragen, k\u00f6nnen sie mit uns telefonisch oder per Mail Kontakt aufnehmen. Thomas Fendrich (2. Vorsitzende) Tel: 0160\/92925225 Mail: thomas-fendrich@t-online.de &nbsp; Zu dem finden sie hier unsere Beitritterkl\u00e4rung und unsere Satzung Beitritterkl\u00e4rung2026 Satzung der Eitorfer Bogensch\u00fctzen &nbsp;<\/p>\n","protected":false},"author":1,"featured_media":0,"parent":0,"menu_order":0,"comment_status":"closed","ping_status":"open","template":"","meta":{"footnotes":""},"class_list":["post-66","page","type-page","status-publish","hentry"],"_links":{"self":[{"href":"https:\/\/bogensport-eitorf.de\/index.php?rest_route=\/wp\/v2\/pages\/66","targetHints":{"allow":["GET"]}}],"collection":[{"href":"https:\/\/bogensport-eitorf.de\/index.php?rest_route=\/wp\/v2\/pages"}],"about":[{"href":"https:\/\/bogensport-eitorf.de\/index.php?rest_route=\/wp\/v2\/types\/page"}],"author":[{"embeddable":true,"href":"https:\/\/bogensport-eitorf.de\/index.php?rest_route=\/wp\/v2\/users\/1"}],"replies":[{"embeddable":true,"href":"https:\/\/bogensport-eitorf.de\/index.php?rest_route=%2Fwp%2Fv2%2Fcomments&post=66"}],"version-history":[{"count":10,"href":"https:\/\/bogensport-eitorf.de\/index.php?rest_route=\/wp\/v2\/pages\/66\/revisions"}],"predecessor-version":[{"id":748,"href":"https:\/\/bogensport-eitorf.de\/index.php?rest_route=\/wp\/v2\/pages\/66\/revisions\/748"}],"wp:attachment":[{"href":"https:\/\/bogensport-eitorf.de\/index.php?rest_route=%2Fwp%2Fv2%2Fmedia&parent=66"}],"curies":[{"name":"wp","href":"https:\/\/api.w.org\/{rel}","templated":true}]}}