{"id":94,"date":"2015-07-23T14:03:58","date_gmt":"2015-07-23T14:03:58","guid":{"rendered":"http:\/\/bogensport-eitorf.de\/?page_id=94"},"modified":"2026-04-02T09:24:45","modified_gmt":"2026-04-02T09:24:45","slug":"bildergalerie","status":"publish","type":"page","link":"http:\/\/bogensport-eitorf.de\/?page_id=94","title":{"rendered":"Bilder"},"content":{"rendered":"<p>Hier geht es zu den Bildern:<\/p>\n<p><a title=\"Geschenkte Zeit 2015\" href=\"http:\/\/bogensport-eitorf.de\/?page_id=102\">Geschenkte Zeit 2015<\/a><\/p>\n<p><a title=\"LM Feld und Wald\" href=\"http:\/\/bogensport-eitorf.de\/?page_id=281\">Landesmeisterschaften Feld und Wald bei den Eitorfer Bogensch\u00fctzen<\/a><\/p>\n<p>&nbsp;<\/p>\n\n\n<p><a href=\"https:\/\/bogensport-eitorf.de\/?page_id=798\" data-type=\"page\" data-id=\"798\">Aufr\u00e4umen Waldgel\u00e4nde<\/a><\/p>\n\n\n\n<p><\/p>\n","protected":false},"excerpt":{"rendered":"<p>Hier geht es zu den Bildern: Geschenkte Zeit 2015 Landesmeisterschaften Feld und Wald bei den Eitorfer Bogensch\u00fctzen &nbsp; Aufr\u00e4umen Waldgel\u00e4nde<\/p>\n","protected":false},"author":1,"featured_media":0,"parent":0,"menu_order":0,"comment_status":"closed","ping_status":"closed","template":"","meta":{"footnotes":""},"class_list":["post-94","page","type-page","status-publish","hentry"],"_links":{"self":[{"href":"http:\/\/bogensport-eitorf.de\/index.php?rest_route=\/wp\/v2\/pages\/94","targetHints":{"allow":["GET"]}}],"collection":[{"href":"http:\/\/bogensport-eitorf.de\/index.php?rest_route=\/wp\/v2\/pages"}],"about":[{"href":"http:\/\/bogensport-eitorf.de\/index.php?rest_route=\/wp\/v2\/types\/page"}],"author":[{"embeddable":true,"href":"http:\/\/bogensport-eitorf.de\/index.php?rest_route=\/wp\/v2\/users\/1"}],"replies":[{"embeddable":true,"href":"http:\/\/bogensport-eitorf.de\/index.php?rest_route=%2Fwp%2Fv2%2Fcomments&post=94"}],"version-history":[{"count":11,"href":"http:\/\/bogensport-eitorf.de\/index.php?rest_route=\/wp\/v2\/pages\/94\/revisions"}],"predecessor-version":[{"id":802,"href":"http:\/\/bogensport-eitorf.de\/index.php?rest_route=\/wp\/v2\/pages\/94\/revisions\/802"}],"wp:attachment":[{"href":"http:\/\/bogensport-eitorf.de\/index.php?rest_route=%2Fwp%2Fv2%2Fmedia&parent=94"}],"curies":[{"name":"wp","href":"https:\/\/api.w.org\/{rel}","templated":true}]}}