{"id":119,"date":"2015-07-24T14:03:19","date_gmt":"2015-07-24T14:03:19","guid":{"rendered":"http:\/\/bogensport-eitorf.de\/?page_id=119"},"modified":"2017-08-14T08:44:36","modified_gmt":"2017-08-14T08:44:36","slug":"ueber-uns","status":"publish","type":"page","link":"http:\/\/bogensport-eitorf.de\/?page_id=119","title":{"rendered":"\u00dcber uns"},"content":{"rendered":"<p><em><strong>Herzlich willkommen<\/strong><\/em><br \/>\n<em><strong>auf der Homepage der Eitorfer Bogensch\u00fctzen e. V.<\/strong><\/em><\/p>\n<p>Hier findet Ihr einige Informationen zu unserem Verein.<br \/>\nDie Eitorfer Bogensch\u00fctzen e. V. wurden am 20.12.2008 gegr\u00fcndet.<br \/>\nBereits im Juni 2009 waren wir Ausrichter der Landesmeisterschaften Feld und Wald<br \/>\ndes Bogensportverbandes Nordrhein-Westfalen.<br \/>\nNach zweij\u00e4hriger Vorbereitungsphase sind wir am 27. und 28. Juni 2015 wieder Ausrichter<br \/>\ndieser Meisterschaften und hoffen, dass die Teilnehmerzahlen des Jahres 2009 wieder erreicht werden.<br \/>\nZur Zeit haben wir 40 Mitglieder, davon 10 Jugendliche.<br \/>\nAuch wenn wir einige Langbogensch\u00fctzen haben, sind wir haupts\u00e4chlich ein Verein mit dem<br \/>\nSchwerpunkt Blankbogen.<br \/>\nIm Blankbogenbereich haben wir bisher auch wesentliche Erfolge unserer Sch\u00fctzinnen und Sch\u00fctzen zu verzeichnen.<br \/>\nZahlreiche Titel bis zur Deutschen Meisterschaft in der Halle, Feldrunde, Waldrunde<br \/>\nund 3D Meisterschaft wurden in den vergangenen Jahren erreicht.<br \/>\nUnser Wettkampfteam besteht zur Zeit aus 10 Sch\u00fctzinnen und Sch\u00fctzen die regelm\u00e4\u00dfig an Wettk\u00e4mpfen teilnehmen.<br \/>\nWir haben aber auch viele Sch\u00fctzinnen und Sch\u00fctzen die diesem beliebten Sport nur als Hobby nachgehen wollen und sich nicht dem Wettkampfstress aussetzen.<br \/>\nUnser Verein ist Mitglied im Bogensportverband NRW und dem Rheinischen Sch\u00fctzenbund.<br \/>\nWenn Sie Interesse am Bogenschie\u00dfen haben, so k\u00f6nnen Sie in unserem Verein mit Hilfe der beiden Trainer und erfahrenen Sch\u00fctzinnen und Sch\u00fctzen diesem interessanten Sport n\u00e4her gebracht werden.<br \/>\nGern stellen wir Ihnen daf\u00fcr unser Vereinsmaterial kostenlos f\u00fcr die ersten Trainingsstunden zur Verf\u00fcgung.<\/p>\n<p><img loading=\"lazy\" decoding=\"async\" class=\"alignnone size-medium wp-image-397\" src=\"http:\/\/bogensport-eitorf.de\/wp-content\/uploads\/2015\/05\/DSC_0667-1-300x169.jpg\" alt=\"\" width=\"300\" height=\"169\" srcset=\"http:\/\/bogensport-eitorf.de\/wp-content\/uploads\/2015\/05\/DSC_0667-1-300x169.jpg 300w, http:\/\/bogensport-eitorf.de\/wp-content\/uploads\/2015\/05\/DSC_0667-1-1024x576.jpg 1024w\" sizes=\"auto, (max-width: 300px) 100vw, 300px\" \/><\/p>\n<p>&nbsp;<\/p>\n<p>Zu unserem Training:<\/p>\n<p><a title=\"Trainingsinfo\" href=\"http:\/\/bogensport-eitorf.de\/?page_id=33\">Trainingsinfo<\/a><\/p>\n","protected":false},"excerpt":{"rendered":"<p>Herzlich willkommen auf der Homepage der Eitorfer Bogensch\u00fctzen e. V. Hier findet Ihr einige Informationen zu unserem Verein. Die Eitorfer Bogensch\u00fctzen e. V. wurden am 20.12.2008 gegr\u00fcndet. Bereits im Juni 2009 waren wir Ausrichter der Landesmeisterschaften Feld und Wald des Bogensportverbandes Nordrhein-Westfalen. Nach zweij\u00e4hriger Vorbereitungsphase sind wir am 27. und 28. Juni 2015 wieder Ausrichter [&hellip;]<\/p>\n","protected":false},"author":1,"featured_media":0,"parent":0,"menu_order":0,"comment_status":"closed","ping_status":"closed","template":"","meta":{"footnotes":""},"class_list":["post-119","page","type-page","status-publish","hentry"],"_links":{"self":[{"href":"http:\/\/bogensport-eitorf.de\/index.php?rest_route=\/wp\/v2\/pages\/119","targetHints":{"allow":["GET"]}}],"collection":[{"href":"http:\/\/bogensport-eitorf.de\/index.php?rest_route=\/wp\/v2\/pages"}],"about":[{"href":"http:\/\/bogensport-eitorf.de\/index.php?rest_route=\/wp\/v2\/types\/page"}],"author":[{"embeddable":true,"href":"http:\/\/bogensport-eitorf.de\/index.php?rest_route=\/wp\/v2\/users\/1"}],"replies":[{"embeddable":true,"href":"http:\/\/bogensport-eitorf.de\/index.php?rest_route=%2Fwp%2Fv2%2Fcomments&post=119"}],"version-history":[{"count":5,"href":"http:\/\/bogensport-eitorf.de\/index.php?rest_route=\/wp\/v2\/pages\/119\/revisions"}],"predecessor-version":[{"id":444,"href":"http:\/\/bogensport-eitorf.de\/index.php?rest_route=\/wp\/v2\/pages\/119\/revisions\/444"}],"wp:attachment":[{"href":"http:\/\/bogensport-eitorf.de\/index.php?rest_route=%2Fwp%2Fv2%2Fmedia&parent=119"}],"curies":[{"name":"wp","href":"https:\/\/api.w.org\/{rel}","templated":true}]}}